{"id":174,"date":"2017-02-20T12:01:58","date_gmt":"2017-02-20T12:01:58","guid":{"rendered":"http:\/\/puertodesanlorenzo.es\/wp\/?page_id=174"},"modified":"2017-04-06T08:08:56","modified_gmt":"2017-04-06T08:08:56","slug":"historia","status":"publish","type":"page","link":"https:\/\/puertodesanlorenzo.es\/wp\/historia\/","title":{"rendered":"Puerto de San Lorenzo"},"content":{"rendered":"<div class=\"page\" title=\"Page 1\">\n<div class=\"layoutArea\">\n<div class=\"column\">\n<p>Ganader\u00eda perteneciente a la Uni\u00f3n de Criadores de Toros de Lidia<\/p>\n<p>SIGLA: <strong>UHT<\/strong><\/p>\n<p>DIVISA: <strong>Encarnada y Amarilla<\/strong><\/p>\n<p>SE\u00d1AL OREJA: <strong>Orejisana en ambas<\/strong><\/p>\n<\/div>\n<p>PROCEDENCIA ACTUAL: <strong>D. Atanasio Fern\u00e1ndez &#8211; D. Lisardo S\u00e1nchez<\/strong><\/p>\n<p>ANTIG\u00dcEDAD: <strong>25-04-1982<\/strong><\/p>\n<hr \/>\n<div class=\"column\">\n<p>HISTORIA:<\/p>\n<\/div>\n<p>Procedente de la que formara don Gil Flores a finales del siglo XVII. El a\u00f1o 1925 pas\u00f3 a los se\u00f1ores Flores Albarr\u00e1n, que la aumentaron con vacas de procedencia Campos Varela e Izaguirre Tejerina y un semental procedente de \u201cMartinez\u201d. En 1956 fue partida la ganader\u00eda, y el lote procedente a do\u00f1a Mercedes Flores S\u00e1nchez fue vendido, en 1958, a do\u00f1a Mar\u00eda Gasc\u00f3n y don Juan Luis y don Nicol\u00e1s Fraile y Mart\u00edn, variando el hierro y adquiriendo 100 vacas y tres sementales a don Arturo S\u00e1nchez y S\u00e1nchez en ese mismo a\u00f1o. En 1962, 50 vacas y tres sementales de don Jos\u00e9 Infante de la C\u00e1mara, en 1976 de la de don Lizardo S\u00e1nchez y S\u00e1nchez.<\/p>\n<p>En 1982 se compr\u00f3 a don Arturo Gallego 30 vacas de don Atanasio Fern\u00e1ndez. En 1987 y 1988 se adquieren 50 a\u00f1ojas, y 50 ralas y 25 vacas de don Atanasio Fern\u00e1ndez y siguiendo la l\u00ednea de don Lizardo S\u00e1nchez y don Atanasio Fern\u00e1ndez, se elimina todo lo anterior.<\/p>\n<p>En 1992 y en virtud del art\u00edculo 6\u00ba de los Estatutos y al extinguirse la copropiedad de esta ganader\u00eda, pasa a ser \u00fanico propietario don Lorenzo Fraile Mart\u00edn.<\/p>\n<p>&nbsp;<\/p>\n<\/div>\n<div class=\"section\"><\/div>\n<\/div>\n<div class=\"page\" title=\"Page 2\"><\/div>\n","protected":false},"excerpt":{"rendered":"<p>Ganader\u00eda perteneciente a la Uni\u00f3n de Criadores de Toros de Lidia SIGLA: UHT DIVISA: Encarnada y Amarilla SE\u00d1AL OREJA: Orejisana en ambas PROCEDENCIA ACTUAL: D. Atanasio Fern\u00e1ndez &#8211; D. Lisardo S\u00e1nchez ANTIG\u00dcEDAD: 25-04-1982 HISTORIA: Procedente de la que formara don [&hellip;]<\/p>\n","protected":false},"author":1,"featured_media":179,"parent":0,"menu_order":0,"comment_status":"closed","ping_status":"closed","template":"","meta":{"footnotes":""},"class_list":["post-174","page","type-page","status-publish","has-post-thumbnail","hentry","clearfix"],"_links":{"self":[{"href":"https:\/\/puertodesanlorenzo.es\/wp\/wp-json\/wp\/v2\/pages\/174","targetHints":{"allow":["GET"]}}],"collection":[{"href":"https:\/\/puertodesanlorenzo.es\/wp\/wp-json\/wp\/v2\/pages"}],"about":[{"href":"https:\/\/puertodesanlorenzo.es\/wp\/wp-json\/wp\/v2\/types\/page"}],"author":[{"embeddable":true,"href":"https:\/\/puertodesanlorenzo.es\/wp\/wp-json\/wp\/v2\/users\/1"}],"replies":[{"embeddable":true,"href":"https:\/\/puertodesanlorenzo.es\/wp\/wp-json\/wp\/v2\/comments?post=174"}],"version-history":[{"count":6,"href":"https:\/\/puertodesanlorenzo.es\/wp\/wp-json\/wp\/v2\/pages\/174\/revisions"}],"predecessor-version":[{"id":305,"href":"https:\/\/puertodesanlorenzo.es\/wp\/wp-json\/wp\/v2\/pages\/174\/revisions\/305"}],"wp:featuredmedia":[{"embeddable":true,"href":"https:\/\/puertodesanlorenzo.es\/wp\/wp-json\/wp\/v2\/media\/179"}],"wp:attachment":[{"href":"https:\/\/puertodesanlorenzo.es\/wp\/wp-json\/wp\/v2\/media?parent=174"}],"curies":[{"name":"wp","href":"https:\/\/api.w.org\/{rel}","templated":true}]}}